{"id":14,"date":"2016-12-02T12:02:32","date_gmt":"2016-12-02T11:02:32","guid":{"rendered":"http:\/\/localhost:8202\/?page_id=14"},"modified":"2020-03-09T11:51:11","modified_gmt":"2020-03-09T10:51:11","slug":"kontakt","status":"publish","type":"page","link":"https:\/\/pol-mer.pl\/mixpac\/kontakt\/","title":{"rendered":"Kontakt"},"content":{"rendered":"<div class=\"row\">\n<div class=\"col-sm-6\">\n<h2>POL-MER Sp\u00f3\u0142ka z o.o.<\/h2>\n<h3>Adres siedziby:<\/h3>\n<p>Kalin\u00f3wka, ul.\u00a0Lipowa\u00a0Nr\u00a015<br \/>\n21-040\u00a0\u015awidnik\u00a0k\/Lublina<\/p>\n<h3>Dane kontaktowe:<\/h3>\n<p><strong>telefon:<\/strong><strong style=\"line-height: 1.5em;\"><br \/>\n<\/strong>81\u00a0740\u00a033\u00a014<br \/>\n81\u00a0740\u00a033\u00a015<br \/>\n81\u00a0746\u00a066\u00a066<\/p>\n<p><strong>fax:\u00a0<\/strong><br \/>\n81\u00a0740\u00a033\u00a016<\/p>\n<p><strong>e-mail:<\/strong><br \/>\n<a href=\"mailto:biuro@pol-mer.pl\" target=\"_self\" rel=\"noopener noreferrer\">biuro@pol-mer.pl<\/a><\/p>\n<p>&nbsp;<\/p>\n<\/div>\n<div class=\"col-sm-6\">\n<h2>Biuro w Gdyni:<\/h2>\n<p>ul. Miko\u0142aja Kopernika Nr 125<br \/>\n<strong>telefon:<\/strong> 58 662 00 62<\/p>\n<\/div>\n<\/div>\n","protected":false},"excerpt":{"rendered":"<p>POL-MER Sp\u00f3\u0142ka z o.o. Adres siedziby: Kalin\u00f3wka, ul.\u00a0Lipowa\u00a0Nr\u00a015 21-040\u00a0\u015awidnik\u00a0k\/Lublina Dane kontaktowe: telefon: 81\u00a0740\u00a033\u00a014 81\u00a0740\u00a033\u00a015 81\u00a0746\u00a066\u00a066 fax:\u00a0 81\u00a0740\u00a033\u00a016 e-mail: biuro@pol-mer.pl &nbsp; Biuro w Gdyni: ul. Miko\u0142aja Kopernika Nr 125 telefon: 58 662 00 62<\/p>\n","protected":false},"author":1,"featured_media":0,"parent":0,"menu_order":0,"comment_status":"closed","ping_status":"closed","template":"template-full.php","meta":[],"_links":{"self":[{"href":"https:\/\/pol-mer.pl\/mixpac\/wp-json\/wp\/v2\/pages\/14"}],"collection":[{"href":"https:\/\/pol-mer.pl\/mixpac\/wp-json\/wp\/v2\/pages"}],"about":[{"href":"https:\/\/pol-mer.pl\/mixpac\/wp-json\/wp\/v2\/types\/page"}],"author":[{"embeddable":true,"href":"https:\/\/pol-mer.pl\/mixpac\/wp-json\/wp\/v2\/users\/1"}],"replies":[{"embeddable":true,"href":"https:\/\/pol-mer.pl\/mixpac\/wp-json\/wp\/v2\/comments?post=14"}],"version-history":[{"count":22,"href":"https:\/\/pol-mer.pl\/mixpac\/wp-json\/wp\/v2\/pages\/14\/revisions"}],"predecessor-version":[{"id":803,"href":"https:\/\/pol-mer.pl\/mixpac\/wp-json\/wp\/v2\/pages\/14\/revisions\/803"}],"wp:attachment":[{"href":"https:\/\/pol-mer.pl\/mixpac\/wp-json\/wp\/v2\/media?parent=14"}],"curies":[{"name":"wp","href":"https:\/\/api.w.org\/{rel}","templated":true}]}}